{"id":8,"date":"2021-04-28T09:33:39","date_gmt":"2021-04-28T09:33:39","guid":{"rendered":"https:\/\/residencialaromanica.com\/?page_id=8"},"modified":"2022-05-25T12:42:20","modified_gmt":"2022-05-25T12:42:20","slug":"residencia-centro-dia-mayores-barbera-del-valles-la-romanica","status":"publish","type":"page","link":"https:\/\/residencialaromanica.com\/es\/","title":{"rendered":"Residencia y centro de d\u00eda para Mayores en Barber\u00e0 del Vall\u00e8s &#8211; La Rom\u00e0nica"},"content":{"rendered":"<div class=\"wpb-content-wrapper\"><p>[vc_row css_animation=\u00bb\u00bb row_type=\u00bbrow\u00bb use_row_as_full_screen_section=\u00bbno\u00bb type=\u00bbfull_width\u00bb angled_section=\u00bbno\u00bb text_align=\u00bbleft\u00bb background_image_as_pattern=\u00bbwithout_pattern\u00bb][vc_column][rev_slider_vc alias=\u00bbinicio-1-1&#8243;][\/vc_column][\/vc_row][vc_row css_animation=\u00bb\u00bb row_type=\u00bbrow\u00bb use_row_as_full_screen_section=\u00bbno\u00bb type=\u00bbgrid\u00bb angled_section=\u00bbno\u00bb text_align=\u00bbcenter\u00bb background_image_as_pattern=\u00bbwithout_pattern\u00bb z_index=\u00bb\u00bb background_color=\u00bb#ffffff\u00bb][vc_column][vc_empty_space][vc_column_text]<\/p>\n<h1 style=\"font-size: 24px; font-weight: bold; margin-bottom: 17px; text-decoration: underline;\"><span style=\"color: #639578;\"><strong>Residencia para Mayores en Barber\u00e0 del Vall\u00e8s<\/strong><\/span><\/h1>\n<p><span style=\"color: #333333;\"><strong><span style=\"font-family: Poppins, sans-serif; font-size: 40px;\">Bienvenidos a la Residencia y Centro de d\u00eda La Rom\u00e0nica<\/span><\/strong><\/span>[\/vc_column_text][vc_empty_space][vc_column_text]<\/p>\n<p style=\"text-align: center;\">La Residencia y Centro de D\u00eda La Rom\u00e0nica est\u00e1 situada en el centro de Barber\u00e0 del Vall\u00e9s, emplazamiento privilegiado que permite un acceso a Barcelona casi inmediato. Sin duda, la cercan\u00eda a Barcelona y una gesti\u00f3n pensada y centrada en la persona, hacen que la Residencia y Centro de D\u00eda La Rom\u00e0nica sea una de las residencias mejor valoradas del Vall\u00e9s.<\/p>\n<p>&nbsp;<\/p>\n<p style=\"text-align: center;\"><strong>Tenemos una experiencia acreditada desde el a\u00f1o 2006\u00a0 cuidando a nuestros mayores<\/strong> y eso es evidente desde el primer momento en el cual se entra en el Centro. Es una residencia y centro de d\u00eda construida expresamente para ello, por lo que los espacios est\u00e1n pensados y dimensionados para proporcionar cuidados basados en ACP (Atenci\u00f3n Centrada en la Persona), sin barreras arquitect\u00f3nicas y todo est\u00e1 enfocada hacia el confort y cuidado de nuestros mayores. Sin duda, <strong>nuestra gran terraza proporciona un entorno al aire libre seguro, tanto para nuestros usuarios como para sus familias.<\/strong><\/p>\n<p>&nbsp;<\/p>\n<p style=\"text-align: center;\">Nuestra mayor satisfacci\u00f3n, es poder proporcionarte un entorno amable, seguro y c\u00e1lido, para que est\u00e9s como en casa, o mejor que en casa. Sin duda, <strong>nuestro principal objetivo es conseguir y mantener tu confianza en nuestro equipo y saber hacer.<\/strong><\/p>\n<p>&nbsp;<\/p>\n<p style=\"text-align: center;\"><strong>Somos Centro Colaborador de la Generalitat de Catalunya,\u00a0<\/strong>con lo que disponemos de\u00a0<strong>plazas p\u00fablicas y privadas<\/strong>, estas \u00faltimas con posibilidad de Prestaci\u00f3n Econ\u00f3mica Vinculada.<\/p>\n<p>[\/vc_column_text][vc_empty_space height=\u00bb25px\u00bb]<a  itemprop=\"url\" href=\"https:\/\/residencialaromanica.com\/sample-page\/quienes-somos\/\" target=\"_self\" data-hover-background-color='#639578' data-hover-border-color='#639578'  class=\"qbutton  medium center enlarge\" style=\"color: #ffffff; border-color: #639578; background-color: #639578;\">M\u00e1s informaci\u00f3n<span aria-hidden=\"true\" class=\"qode_icon_font_elegant arrow_carrot-2right qode_button_icon_element\" style=\"color: #ffffff;\" ><\/span><\/a>[vc_empty_space height=\u00bb60px\u00bb][\/vc_column][\/vc_row][vc_row css_animation=\u00bbelement_from_bottom\u00bb row_type=\u00bbrow\u00bb use_row_as_full_screen_section=\u00bbyes\u00bb type=\u00bbgrid\u00bb angled_section=\u00bbno\u00bb text_align=\u00bbcenter\u00bb background_image_as_pattern=\u00bbwithout_pattern\u00bb z_index=\u00bb\u00bb css=\u00bb.vc_custom_1651835255325{background-color: #333333 !important;}\u00bb][vc_column][vc_empty_space height=\u00bb50px\u00bb][vc_column_text]<\/p>\n<h2 style=\"text-align: center;\"><span style=\"color: #ffffff;\">Nuestro valor diferencial<\/span><\/h2>\n<p>[\/vc_column_text][vc_separator type=\u00bbsmall\u00bb position=\u00bbcenter\u00bb thickness=\u00bb1,5&#8243; color=\u00bb#ffffff\u00bb transparency=\u00bb1&#8243; width=\u00bb20&#8243;][vc_empty_space][\/vc_column][\/vc_row][vc_row css_animation=\u00bb\u00bb row_type=\u00bbrow\u00bb use_row_as_full_screen_section=\u00bbno\u00bb type=\u00bbgrid\u00bb angled_section=\u00bbno\u00bb text_align=\u00bbleft\u00bb background_image_as_pattern=\u00bbwithout_pattern\u00bb z_index=\u00bb\u00bb css=\u00bb.vc_custom_1651835266867{background-color: #333333 !important;}\u00bb][vc_column width=\u00bb1\/3&#8243;][vc_single_image image=\u00bb1776&#8243; img_size=\u00bb350X200&#8243; alignment=\u00bbcenter\u00bb qode_css_animation=\u00bb\u00bb qode_hover_animation=\u00bbzoom_in\u00bb][vc_empty_space height=\u00bb15px\u00bb][vc_column_text css=\u00bb.vc_custom_1652776891910{border-top-width: 4px !important;border-right-width: 4px !important;border-bottom-width: 4px !important;border-left-width: 4px !important;background-color: #639578 !important;border-left-color: #639578 !important;border-left-style: solid !important;border-right-color: #639578 !important;border-right-style: solid !important;border-top-color: #639578 !important;border-top-style: solid !important;border-bottom-color: #639578 !important;border-bottom-style: solid !important;border-radius: 1px !important;}\u00bb]<\/p>\n<p style=\"text-align: center;\"><span style=\"color: #ffffff;\"><strong>ENTORNO TRANQUILO<\/strong><\/span><\/p>\n<p>[\/vc_column_text][vc_empty_space height=\u00bb15px\u00bb][vc_column_text]<span style=\"color: #ffffff;\">Las zonas exteriores y al aire libre tienen un papel fundamental en la salud y seguridad de nuestros usuarios. Por supuesto, las familias tambi\u00e9n pueden disfrutar de estos espacios y, lo m\u00e1s importante, durante todo el a\u00f1o.<\/span>[\/vc_column_text][vc_empty_space height=\u00bb15px\u00bb][\/vc_column][vc_column width=\u00bb1\/3&#8243;][vc_single_image image=\u00bb1740&#8243; img_size=\u00bb350X200&#8243; alignment=\u00bbcenter\u00bb qode_css_animation=\u00bb\u00bb qode_hover_animation=\u00bbzoom_in\u00bb][vc_empty_space height=\u00bb15px\u00bb][vc_column_text css=\u00bb.vc_custom_1652175577462{border-top-width: 4px !important;border-right-width: 4px !important;border-bottom-width: 4px !important;border-left-width: 4px !important;background-color: #639578 !important;border-left-color: #639578 !important;border-left-style: solid !important;border-right-color: #639578 !important;border-right-style: solid !important;border-top-color: #639578 !important;border-top-style: solid !important;border-bottom-color: #639578 !important;border-bottom-style: solid !important;border-radius: 1px !important;}\u00bb]<\/p>\n<p style=\"text-align: center;\"><span style=\"color: #ffffff;\"><strong>COCINA DE CALIDAD<\/strong><\/span><\/p>\n<p>[\/vc_column_text][vc_empty_space height=\u00bb15px\u00bb][vc_column_text]<span style=\"color: #ffffff;\">Nuestra cocina juega un papel esencial en la ACP (Atenci\u00f3n Centrada en la Persona). Por esta raz\u00f3n, estamos siempre mejorando y procurando una dieta sana, equilibrada y, sobretodo, buena y sabrosa.<\/span>[\/vc_column_text][vc_empty_space height=\u00bb15px\u00bb][\/vc_column][vc_column width=\u00bb1\/3&#8243;][vc_single_image image=\u00bb1750&#8243; img_size=\u00bb350X200&#8243; alignment=\u00bbcenter\u00bb qode_css_animation=\u00bb\u00bb qode_hover_animation=\u00bbzoom_in\u00bb][vc_empty_space height=\u00bb15px\u00bb][vc_column_text css=\u00bb.vc_custom_1652177051095{border-top-width: 4px !important;border-right-width: 4px !important;border-bottom-width: 4px !important;border-left-width: 4px !important;background-color: #639578 !important;border-left-color: #639578 !important;border-left-style: solid !important;border-right-color: #639578 !important;border-right-style: solid !important;border-top-color: #639578 !important;border-top-style: solid !important;border-bottom-color: #639578 !important;border-bottom-style: solid !important;border-radius: 1px !important;}\u00bb]<\/p>\n<p style=\"text-align: center;\"><strong><span style=\"color: #ffffff;\">ATENCI\u00d3N CENTRADA EN LA PERSONA<\/span><\/strong><\/p>\n<p>[\/vc_column_text][vc_empty_space height=\u00bb15px\u00bb][vc_column_text]<span style=\"color: #ffffff;\">Las zonas comunes est\u00e1n pensadas para dar la mejor de las atenciones a nuestros residentes, desde las zonas de estar, pasando por las habitaciones, hasta las zonas de aplicaci\u00f3n de terapias.<\/span>[\/vc_column_text][\/vc_column][\/vc_row][vc_row css_animation=\u00bb\u00bb row_type=\u00bbrow\u00bb use_row_as_full_screen_section=\u00bbno\u00bb type=\u00bbfull_width\u00bb angled_section=\u00bbno\u00bb text_align=\u00bbleft\u00bb background_image_as_pattern=\u00bbwithout_pattern\u00bb css=\u00bb.vc_custom_1651835277578{background-color: #333333 !important;}\u00bb z_index=\u00bb\u00bb][vc_column][vc_empty_space][\/vc_column][\/vc_row][vc_row css_animation=\u00bbelement_from_bottom\u00bb row_type=\u00bbrow\u00bb use_row_as_full_screen_section=\u00bbyes\u00bb type=\u00bbgrid\u00bb angled_section=\u00bbno\u00bb text_align=\u00bbcenter\u00bb background_image_as_pattern=\u00bbwithout_pattern\u00bb z_index=\u00bb\u00bb][vc_column][vc_empty_space height=\u00bb50px\u00bb][vc_column_text]<\/p>\n<h2 style=\"text-align: center;\"><span style=\"color: #333333;\"><strong>Nuestras instalaciones<\/strong><\/span><\/h2>\n<p>[\/vc_column_text][vc_separator type=\u00bbsmall\u00bb position=\u00bbcenter\u00bb thickness=\u00bb1,5&#8243; color=\u00bb#333333&#8243; transparency=\u00bb1&#8243; width=\u00bb20&#8243;][vc_empty_space][\/vc_column][\/vc_row][vc_row css_animation=\u00bb\u00bb row_type=\u00bbrow\u00bb use_row_as_full_screen_section=\u00bbno\u00bb type=\u00bbgrid\u00bb angled_section=\u00bbno\u00bb text_align=\u00bbleft\u00bb background_image_as_pattern=\u00bbwithout_pattern\u00bb z_index=\u00bb\u00bb][vc_column width=\u00bb1\/2&#8243;][vc_single_image image=\u00bb1734&#8243; img_size=\u00bb530&#215;490&#8243; qode_css_animation=\u00bb\u00bb qode_hover_animation=\u00bbbottom_title\u00bb][vc_empty_space height=\u00bb10&#8243;][\/vc_column][vc_column width=\u00bb1\/2&#8243;][vc_single_image image=\u00bb1716&#8243; img_size=\u00bb530&#215;240&#8243; qode_css_animation=\u00bb\u00bb qode_hover_animation=\u00bbbottom_title\u00bb][vc_empty_space height=\u00bb10&#8243;][vc_single_image image=\u00bb1718&#8243; img_size=\u00bb530&#215;240&#8243; qode_css_animation=\u00bb\u00bb qode_hover_animation=\u00bbbottom_title\u00bb][\/vc_column][\/vc_row][vc_row css_animation=\u00bb\u00bb row_type=\u00bbrow\u00bb use_row_as_full_screen_section=\u00bbno\u00bb type=\u00bbfull_width\u00bb angled_section=\u00bbno\u00bb text_align=\u00bbleft\u00bb background_image_as_pattern=\u00bbwithout_pattern\u00bb z_index=\u00bb\u00bb][vc_column][vc_empty_space][\/vc_column][\/vc_row][vc_row css_animation=\u00bb\u00bb row_type=\u00bbrow\u00bb use_row_as_full_screen_section=\u00bbno\u00bb type=\u00bbgrid\u00bb angled_section=\u00bbno\u00bb text_align=\u00bbleft\u00bb background_image_as_pattern=\u00bbwithout_pattern\u00bb z_index=\u00bb\u00bb][vc_column width=\u00bb1\/2&#8243;][vc_single_image image=\u00bb1724&#8243; img_size=\u00bb530&#215;240&#8243; qode_css_animation=\u00bb\u00bb qode_hover_animation=\u00bbbottom_title\u00bb][vc_empty_space height=\u00bb10&#8243;][vc_single_image image=\u00bb1714&#8243; img_size=\u00bb530&#215;240&#8243; qode_css_animation=\u00bb\u00bb qode_hover_animation=\u00bbbottom_title\u00bb][vc_empty_space height=\u00bb10&#8243;][\/vc_column][vc_column width=\u00bb1\/2&#8243;][vc_single_image image=\u00bb1776&#8243; img_size=\u00bb530&#215;490&#8243; qode_css_animation=\u00bb\u00bb qode_hover_animation=\u00bbbottom_title\u00bb][vc_empty_space height=\u00bb10&#8243;][\/vc_column][\/vc_row][vc_row css_animation=\u00bb\u00bb row_type=\u00bbrow\u00bb use_row_as_full_screen_section=\u00bbno\u00bb type=\u00bbfull_width\u00bb angled_section=\u00bbno\u00bb text_align=\u00bbleft\u00bb background_image_as_pattern=\u00bbwithout_pattern\u00bb z_index=\u00bb\u00bb][vc_column][vc_empty_space][\/vc_column][\/vc_row][vc_row css_animation=\u00bb\u00bb row_type=\u00bbrow\u00bb use_row_as_full_screen_section=\u00bbno\u00bb type=\u00bbgrid\u00bb angled_section=\u00bbno\u00bb text_align=\u00bbcenter\u00bb background_image_as_pattern=\u00bbwithout_pattern\u00bb z_index=\u00bb\u00bb][vc_column]<a  itemprop=\"url\" href=\"https:\/\/residencialaromanica.com\/instalaciones\/\" target=\"_self\" data-hover-background-color='#639578' data-hover-border-color='#639578'  class=\"qbutton  medium center enlarge\" style=\"color: #ffffff; border-color: #639578; background-color: #639578;\">Ver m\u00e1s<span aria-hidden=\"true\" class=\"qode_icon_font_elegant arrow_carrot-2right qode_button_icon_element\" style=\"color: #ffffff;\" ><\/span><\/a>[vc_empty_space][\/vc_column][\/vc_row][vc_row css_animation=\u00bbelement_from_bottom\u00bb row_type=\u00bbrow\u00bb use_row_as_full_screen_section=\u00bbno\u00bb type=\u00bbgrid\u00bb angled_section=\u00bbno\u00bb text_align=\u00bbcenter\u00bb background_image_as_pattern=\u00bbwithout_pattern\u00bb z_index=\u00bb\u00bb background_color=\u00bb#006633&#8243; css=\u00bb.vc_custom_1651835340475{padding-top: 50px !important;padding-right: 50px !important;padding-bottom: 50px !important;padding-left: 50px !important;background-color: #333333 !important;}\u00bb][vc_column][vc_empty_space height=\u00bb10px\u00bb][vc_column_text]<\/p>\n<h2 style=\"text-align: center; color: #fff;\">Servicios<\/h2>\n<p>[\/vc_column_text][vc_separator type=\u00bbsmall\u00bb position=\u00bbcenter\u00bb thickness=\u00bb1,5&#8243; color=\u00bb#ffffff\u00bb transparency=\u00bb1&#8243; width=\u00bb20&#8243;][vc_empty_space][vc_column_text]<\/p>\n<p class=\"parrafo\" style=\"text-align: center;\">Nuestro principal objetivo es conseguir y mantener tu confianza<\/p>\n<p class=\"parrafo\" style=\"text-align: center;\">en nuestro equipo y saber hacer.<\/p>\n<p>[\/vc_column_text][\/vc_column][\/vc_row][vc_row css_animation=\u00bbelement_from_bottom\u00bb row_type=\u00bbrow\u00bb use_row_as_full_screen_section=\u00bbno\u00bb type=\u00bbgrid\u00bb angled_section=\u00bbno\u00bb text_align=\u00bbleft\u00bb background_image_as_pattern=\u00bbwithout_pattern\u00bb z_index=\u00bb\u00bb background_color=\u00bb#006633&#8243; css=\u00bb.vc_custom_1651835352636{background-color: #333333 !important;}\u00bb][vc_column width=\u00bb1\/4&#8243; el_class=\u00bbcajaServicios\u00bb][vc_empty_space height=\u00bb20px\u00bb][vc_raw_html]JTNDZGl2JTIwY2xhc3MlM0QlMjJjYWphRGl2U2VydmljaW8lMjIlM0UlMEElM0NpbWclMjBzdHlsZSUzRCUyMndpZHRoJTNBJTIwNTJweCUzQiUyMiUyMGFsdCUzRCUyMlNlcnZpY2lvJTIwTSVDMyVBOWRpY28lMjBwYXJhJTIwTWF5b3JlcyUyMiUyMHNyYyUzRCUyMmh0dHBzJTNBJTJGJTJGcmVzaWRlbmNpYWxhcm9tYW5pY2EuY29tJTJGd3AtY29udGVudCUyRnVwbG9hZHMlMkYyMDIxJTJGMDUlMkZpY29uLTAwMS5wbmclMjIlM0UlMEElM0NoMyUyMGNsYXNzJTNEJTIydGl0dWxvU2VydmljaW8lMjIlM0VNJUMzJTg5RElDTyUzQyUyRmgzJTNFJTBBJTNDJTJGZGl2JTNF[\/vc_raw_html][vc_empty_space][vc_raw_html]JTNDZGl2JTIwY2xhc3MlM0QlMjJjYWphRGl2U2VydmljaW8lMjIlM0UlMEElM0NpbWclMjBzdHlsZSUzRCUyMndpZHRoJTNBJTIwNTJweCUzQiUyMiUyMGFsdCUzRCUyMlNlcnZpY2lvJTIwZGUlMjBQb2RvbG9nJUMzJUFEYSUyMHBhcmElMjBNYXlvcmVzJTIyJTIwc3JjJTNEJTIyaHR0cHMlM0ElMkYlMkZyZXNpZGVuY2lhbGFyb21hbmljYS5jb20lMkZ3cC1jb250ZW50JTJGdXBsb2FkcyUyRjIwMjElMkYwNSUyRmljb24tMDA1LnBuZyUyMiUzRSUwQSUzQ2gzJTIwY2xhc3MlM0QlMjJ0aXR1bG9TZXJ2aWNpbyUyMiUzRVBPRE9MT0clQzMlOERBJTNDJTJGaDMlM0UlMEElM0MlMkZkaXYlM0U=[\/vc_raw_html][vc_empty_space height=\u00bb12px\u00bb][\/vc_column][vc_column width=\u00bb1\/4&#8243; el_class=\u00bbcajaServicios\u00bb][vc_empty_space height=\u00bb20px\u00bb][vc_raw_html]JTNDZGl2JTIwY2xhc3MlM0QlMjJjYWphRGl2U2VydmljaW8lMjIlM0UlMEElM0NpbWclMjBzdHlsZSUzRCUyMndpZHRoJTNBJTIwNTJweCUzQiUyMiUyMGFsdCUzRCUyMlNlcnZpY2lvJTIwZGUlMjBFbmZlcm1lciVDMyVBRGElMjBwYXJhJTIwTWF5b3JlcyUyMiUyMHNyYyUzRCUyMmh0dHBzJTNBJTJGJTJGcmVzaWRlbmNpYWxhcm9tYW5pY2EuY29tJTJGd3AtY29udGVudCUyRnVwbG9hZHMlMkYyMDIxJTJGMDUlMkZpY29uLTAwMi5wbmclMjIlM0UlMEElM0NoMyUyMGNsYXNzJTNEJTIydGl0dWxvU2VydmljaW8lMjIlM0VFTkZFUk1FUiVDMyU4REElM0MlMkZoMyUzRSUwQSUzQyUyRmRpdiUzRQ==[\/vc_raw_html][vc_empty_space][vc_raw_html]JTNDZGl2JTIwY2xhc3MlM0QlMjJjYWphRGl2U2VydmljaW8lMjIlM0UlMEElM0NpbWclMjBzdHlsZSUzRCUyMndpZHRoJTNBJTIwNTJweCUzQiUyMiUyMGFsdCUzRCUyMlNlcnZpY2lvJTIwZGUlMjBUcmFiYWpvJTIwU29jaWFsJTIwcGFyYSUyME1heW9yZXMlMjIlMjBzcmMlM0QlMjJodHRwcyUzQSUyRiUyRnJlc2lkZW5jaWFsYXJvbWFuaWNhLmNvbSUyRndwLWNvbnRlbnQlMkZ1cGxvYWRzJTJGMjAyMSUyRjA1JTJGaWNvbi0wMDYucG5nJTIyJTNFJTBBJTNDaDMlMjBjbGFzcyUzRCUyMnRpdHVsb1NlcnZpY2lvJTIyJTNFVFJBQkFKTyUyMFNPQ0lBTCUzQyUyRmgzJTNFJTBBJTNDJTJGZGl2JTNF[\/vc_raw_html][vc_empty_space height=\u00bb12px\u00bb][\/vc_column][vc_column width=\u00bb1\/4&#8243; el_class=\u00bbcajaServicios\u00bb][vc_empty_space height=\u00bb20px\u00bb][vc_raw_html]JTNDZGl2JTIwY2xhc3MlM0QlMjJjYWphRGl2U2VydmljaW8lMjIlM0UlMEElM0NpbWclMjBzdHlsZSUzRCUyMndpZHRoJTNBJTIwNTJweCUzQiUyMiUyMGFsdCUzRCUyMlNlcnZpY2lvJTIwZGUlMjBSZWhhYmlsaXRhY2klQzMlQjNuJTIwcGFyYSUyME1heW9yZXMlMjIlMjBzcmMlM0QlMjJodHRwcyUzQSUyRiUyRnJlc2lkZW5jaWFsYXJvbWFuaWNhLmNvbSUyRndwLWNvbnRlbnQlMkZ1cGxvYWRzJTJGMjAyMSUyRjA1JTJGaWNvbi0wMDMucG5nJTIyJTNFJTBBJTNDaDMlMjBjbGFzcyUzRCUyMnRpdHVsb1NlcnZpY2lvJTIyJTNFUkVIQUJJTElUQUNJJUMzJTkzTiUzQyUyRmgzJTNFJTBBJTNDJTJGZGl2JTNF[\/vc_raw_html][vc_empty_space][vc_raw_html]JTNDZGl2JTIwY2xhc3MlM0QlMjJjYWphRGl2U2VydmljaW8lMjIlM0UlMEElM0NpbWclMjBzdHlsZSUzRCUyMndpZHRoJTNBJTIwNTJweCUzQiUyMiUyMGFsdCUzRCUyMlNlcnZpY2lvJTIwZGUlMjBUZXJhcGlhJTIwT2N1cGFjaW9uYWwlMjBwYXJhJTIwTWF5b3JlcyUyMiUyMHNyYyUzRCUyMmh0dHBzJTNBJTJGJTJGcmVzaWRlbmNpYWxhcm9tYW5pY2EuY29tJTJGd3AtY29udGVudCUyRnVwbG9hZHMlMkYyMDIxJTJGMDUlMkZpY29uLTAwNy5wbmclMjIlM0UlMEElM0NoMyUyMGNsYXNzJTNEJTIydGl0dWxvU2VydmljaW8lMjIlM0VURVJBUElBJTIwT0NVUEFDSU9OQUwlM0MlMkZoMyUzRSUwQSUzQyUyRmRpdiUzRQ==[\/vc_raw_html][vc_empty_space height=\u00bb12px\u00bb][\/vc_column][vc_column width=\u00bb1\/4&#8243; css=\u00bb.vc_custom_1619778301275{margin-right: 50px !important;}\u00bb el_class=\u00bbcajaServicios\u00bb][vc_empty_space height=\u00bb20px\u00bb][vc_raw_html]JTNDZGl2JTIwY2xhc3MlM0QlMjJjYWphRGl2U2VydmljaW8lMjIlM0UlMEElM0NpbWclMjBzdHlsZSUzRCUyMndpZHRoJTNBJTIwNTJweCUzQiUyMiUyMGFsdCUzRCUyMlNlcnZpY2lvJTIwZGUlMjBQc2ljb2xvZyVDMyVBRGElMjBwYXJhJTIwTWF5b3JlcyUyMiUyMHNyYyUzRCUyMmh0dHBzJTNBJTJGJTJGcmVzaWRlbmNpYWxhcm9tYW5pY2EuY29tJTJGd3AtY29udGVudCUyRnVwbG9hZHMlMkYyMDIxJTJGMDUlMkZpY29uLTAwNC5wbmclMjIlM0UlMEElM0NoMyUyMGNsYXNzJTNEJTIydGl0dWxvU2VydmljaW8lMjIlM0VQU0lDT0xPRyVDMyU4REElM0MlMkZoMyUzRSUwQSUzQyUyRmRpdiUzRQ==[\/vc_raw_html][vc_empty_space][vc_raw_html]JTNDZGl2JTIwY2xhc3MlM0QlMjJjYWphRGl2U2VydmljaW8lMjIlM0UlMEElM0NpbWclMjBzdHlsZSUzRCUyMndpZHRoJTNBJTIwNTJweCUzQiUyMiUyMGFsdCUzRCUyMlNlcnZpY2lvJTIwZGUlMjBQZWx1cXVlciVDMyVBRGElMjBwYXJhJTIwTWF5b3JlcyUyMiUyMHNyYyUzRCUyMmh0dHBzJTNBJTJGJTJGcmVzaWRlbmNpYWxhcm9tYW5pY2EuY29tJTJGd3AtY29udGVudCUyRnVwbG9hZHMlMkYyMDIxJTJGMDUlMkZpY29uLTAwOC5wbmclMjIlM0UlMEElM0NoMyUyMGNsYXNzJTNEJTIydGl0dWxvU2VydmljaW8lMjIlM0VQRUxVUVVFUiVDMyU4REElM0MlMkZoMyUzRSUwQSUzQyUyRmRpdiUzRQ==[\/vc_raw_html][vc_empty_space][\/vc_column][\/vc_row][vc_row css_animation=\u00bb\u00bb row_type=\u00bbrow\u00bb use_row_as_full_screen_section=\u00bbno\u00bb type=\u00bbfull_width\u00bb angled_section=\u00bbno\u00bb text_align=\u00bbcenter\u00bb background_image_as_pattern=\u00bbwithout_pattern\u00bb z_index=\u00bb\u00bb background_color=\u00bb#006633&#8243; css=\u00bb.vc_custom_1651835318819{background-color: #333333 !important;}\u00bb][vc_column]<a  itemprop=\"url\" href=\"https:\/\/residencialaromanica.com\/servicios\/\" target=\"_self\" data-hover-background-color='#639578' data-hover-border-color='#639578'  class=\"qbutton  medium center enlarge\" style=\"color: #ffffff; border-color: #639578; background-color: #639578;\">M\u00e1s informaci\u00f3n<span aria-hidden=\"true\" class=\"qode_icon_font_elegant arrow_carrot-2right qode_button_icon_element\" style=\"color: #ffffff;\" ><\/span><\/a>[vc_empty_space][\/vc_column][\/vc_row][vc_row css_animation=\u00bb\u00bb row_type=\u00bbrow\u00bb use_row_as_full_screen_section=\u00bbno\u00bb type=\u00bbfull_width\u00bb angled_section=\u00bbno\u00bb text_align=\u00bbleft\u00bb background_image_as_pattern=\u00bbwithout_pattern\u00bb z_index=\u00bb\u00bb background_image=\u00bb1752&#8243;][vc_column][vc_empty_space height=\u00bb200px\u00bb][vc_column_text]<\/p>\n<div style=\"text-align: center;\">\n<h2 style=\"background: #ffffffe8; display: inline-block; padding: 0px 10px;\"><span style=\"color: #639578;\">QUI\u00c9NES SOMOS<\/span><\/h2>\n<p><a class=\"qbutton medium center enlarge\" style=\"color: #ffffff; border-color: #639578; background-color: #639578; padding-left: 23px; padding-right: 23px; margin-top: 20px;\" href=\"https:\/\/residencialaromanica.com\/quienes-somos\/\" target=\"_self\" rel=\"noopener\" data-hover-background-color=\"#639578\" data-hover-border-color=\"#639578\" data-hover-color=\"#FFFFFF\">M\u00c1S INFORMACI\u00d3N \u00bb<\/a><\/p>\n<\/div>\n<p>[\/vc_column_text][vc_empty_space height=\u00bb200px\u00bb][\/vc_column][\/vc_row]<\/p>\n<\/div>","protected":false},"excerpt":{"rendered":"<p>[vc_row css_animation=\u00bb\u00bb row_type=\u00bbrow\u00bb use_row_as_full_screen_section=\u00bbno\u00bb type=\u00bbfull_width\u00bb angled_section=\u00bbno\u00bb text_align=\u00bbleft\u00bb background_image_as_pattern=\u00bbwithout_pattern\u00bb][vc_column][rev_slider_vc alias=\u00bbinicio-1-1&#8243;][\/vc_column][\/vc_row][vc_row css_animation=\u00bb\u00bb row_type=\u00bbrow\u00bb use_row_as_full_screen_section=\u00bbno\u00bb type=\u00bbgrid\u00bb angled_section=\u00bbno\u00bb text_align=\u00bbcenter\u00bb background_image_as_pattern=\u00bbwithout_pattern\u00bb z_index=\u00bb\u00bb background_color=\u00bb#ffffff\u00bb][vc_column][vc_empty_space][vc_column_text] Residencia para Mayores en Barber\u00e0 del Vall\u00e8s Bienvenidos a la Residencia y Centro de d\u00eda La Rom\u00e0nica[\/vc_column_text][vc_empty_space][vc_column_text] La Residencia y Centro de D\u00eda La Rom\u00e0nica est\u00e1 situada&#8230;<\/p>\n","protected":false},"author":2,"featured_media":1776,"parent":2,"menu_order":0,"comment_status":"closed","ping_status":"closed","template":"full_width.php","meta":{"footnotes":""},"yst_prominent_words":[],"class_list":["post-8","page","type-page","status-publish","has-post-thumbnail","hentry"],"_links":{"self":[{"href":"https:\/\/residencialaromanica.com\/es\/wp-json\/wp\/v2\/pages\/8","targetHints":{"allow":["GET"]}}],"collection":[{"href":"https:\/\/residencialaromanica.com\/es\/wp-json\/wp\/v2\/pages"}],"about":[{"href":"https:\/\/residencialaromanica.com\/es\/wp-json\/wp\/v2\/types\/page"}],"author":[{"embeddable":true,"href":"https:\/\/residencialaromanica.com\/es\/wp-json\/wp\/v2\/users\/2"}],"replies":[{"embeddable":true,"href":"https:\/\/residencialaromanica.com\/es\/wp-json\/wp\/v2\/comments?post=8"}],"version-history":[{"count":485,"href":"https:\/\/residencialaromanica.com\/es\/wp-json\/wp\/v2\/pages\/8\/revisions"}],"predecessor-version":[{"id":1861,"href":"https:\/\/residencialaromanica.com\/es\/wp-json\/wp\/v2\/pages\/8\/revisions\/1861"}],"up":[{"embeddable":true,"href":"https:\/\/residencialaromanica.com\/es\/wp-json\/wp\/v2\/pages\/2"}],"wp:featuredmedia":[{"embeddable":true,"href":"https:\/\/residencialaromanica.com\/es\/wp-json\/wp\/v2\/media\/1776"}],"wp:attachment":[{"href":"https:\/\/residencialaromanica.com\/es\/wp-json\/wp\/v2\/media?parent=8"}],"wp:term":[{"taxonomy":"yst_prominent_words","embeddable":true,"href":"https:\/\/residencialaromanica.com\/es\/wp-json\/wp\/v2\/yst_prominent_words?post=8"}],"curies":[{"name":"wp","href":"https:\/\/api.w.org\/{rel}","templated":true}]}}