{"id":423,"date":"2021-05-05T08:56:08","date_gmt":"2021-05-05T08:56:08","guid":{"rendered":"https:\/\/residencialaromanica.com\/?page_id=423"},"modified":"2022-05-25T12:14:46","modified_gmt":"2022-05-25T12:14:46","slug":"instalaciones","status":"publish","type":"page","link":"https:\/\/residencialaromanica.com\/es\/instalaciones\/","title":{"rendered":"Instalaciones"},"content":{"rendered":"<div class=\"wpb-content-wrapper\"><p>[vc_row css_animation=\u00bbelement_from_bottom\u00bb row_type=\u00bbrow\u00bb use_row_as_full_screen_section=\u00bbno\u00bb type=\u00bbgrid\u00bb angled_section=\u00bbno\u00bb text_align=\u00bbcenter\u00bb background_image_as_pattern=\u00bbwithout_pattern\u00bb z_index=\u00bb\u00bb css=\u00bb.vc_custom_1652178158488{background-color: #639578 !important;}\u00bb][vc_column][vc_empty_space height=\u00bb60px\u00bb][vc_column_text]<\/p>\n<h1 style=\"text-align: center;\"><span style=\"color: #ffffff;\"><strong>Instalaciones<\/strong><\/span><\/h1>\n<p>[\/vc_column_text][vc_separator type=\u00bbsmall\u00bb position=\u00bbcenter\u00bb color=\u00bb#ffffff\u00bb thickness=\u00bb1,5&#8243; width=\u00bb20&#8243;][\/vc_column][\/vc_row][vc_row css_animation=\u00bb\u00bb row_type=\u00bbrow\u00bb use_row_as_full_screen_section=\u00bbno\u00bb type=\u00bbgrid\u00bb angled_section=\u00bbno\u00bb text_align=\u00bbleft\u00bb background_image_as_pattern=\u00bbwithout_pattern\u00bb z_index=\u00bb\u00bb][vc_column][vc_empty_space height=\u00bb60px\u00bb][vc_column_text]Nuestros espacios, tanto privados como los de convivencia, est\u00e1n pensados y dise\u00f1ados para poder disfrutar, tanto de la compa\u00f1\u00eda de otros residentes, de la compa\u00f1\u00eda de las visitas y familiares, como de momentos de paz y recogimiento personal.<\/p>\n<p>&nbsp;<\/p>\n<p><strong>Contamos con habitaciones dobles e individuales, todas ellas exteriores y much\u00edsima luz.<\/strong> Las habitaciones est\u00e1n equipadas con todo lo necesario para el bienestar de nuestros mayores y para atender sus necesidades especificas, seg\u00fan su grado de dependencia.<\/p>\n<p>&nbsp;<\/p>\n<p>Adem\u00e1s, <strong>nuestra terraza de m\u00e1s de 150 metros cuadrados hace que nuestros usuarios puedan disfrutar, de manera segura y privada, de un espacio al aire libre<\/strong> con luz natural desde que sale el sol hasta que se esconde, durante todo el a\u00f1o. Por supuesto, nuestra terraza est\u00e1 a disposici\u00f3n de las familias de nuestros abuelos para que la puedan disfrutar de manera privada, como en casa.[\/vc_column_text][vc_empty_space height=\u00bb60px\u00bb][\/vc_column][\/vc_row][vc_row css_animation=\u00bbelement_from_bottom\u00bb row_type=\u00bbrow\u00bb use_row_as_full_screen_section=\u00bbno\u00bb type=\u00bbgrid\u00bb angled_section=\u00bbno\u00bb text_align=\u00bbcenter\u00bb background_image_as_pattern=\u00bbwithout_pattern\u00bb z_index=\u00bb\u00bb css=\u00bb.vc_custom_1652186197178{background-color: #639578 !important;}\u00bb][vc_column][vc_empty_space height=\u00bb60px\u00bb][\/vc_column][\/vc_row][vc_row css_animation=\u00bbelement_from_bottom\u00bb row_type=\u00bbrow\u00bb use_row_as_full_screen_section=\u00bbno\u00bb type=\u00bbgrid\u00bb angled_section=\u00bbno\u00bb text_align=\u00bbcenter\u00bb background_image_as_pattern=\u00bbwithout_pattern\u00bb z_index=\u00bb\u00bb css=\u00bb.vc_custom_1652186212324{background-color: #639578 !important;}\u00bb][vc_column width=\u00bb1\/2&#8243;][vc_single_image image=\u00bb1736&#8243; img_size=\u00bb530&#215;240&#8243; qode_css_animation=\u00bb\u00bb qode_hover_animation=\u00bbbottom_title\u00bb][vc_empty_space height=\u00bb10&#8243;][vc_single_image image=\u00bb1770&#8243; img_size=\u00bb530&#215;240&#8243; qode_css_animation=\u00bb\u00bb qode_hover_animation=\u00bbbottom_title\u00bb][vc_empty_space height=\u00bb10&#8243;][\/vc_column][vc_column width=\u00bb1\/2&#8243;][vc_single_image image=\u00bb1734&#8243; img_size=\u00bb530&#215;490&#8243; qode_css_animation=\u00bb\u00bb qode_hover_animation=\u00bbbottom_title\u00bb][vc_empty_space height=\u00bb10&#8243;][\/vc_column][\/vc_row][vc_row css_animation=\u00bbelement_from_bottom\u00bb row_type=\u00bbrow\u00bb use_row_as_full_screen_section=\u00bbno\u00bb type=\u00bbgrid\u00bb angled_section=\u00bbno\u00bb text_align=\u00bbcenter\u00bb background_image_as_pattern=\u00bbwithout_pattern\u00bb z_index=\u00bb\u00bb css=\u00bb.vc_custom_1652186220867{background-color: #639578 !important;}\u00bb][vc_column][vc_empty_space height=\u00bb32&#8243;][\/vc_column][\/vc_row][vc_row css_animation=\u00bbelement_from_bottom\u00bb row_type=\u00bbrow\u00bb use_row_as_full_screen_section=\u00bbno\u00bb type=\u00bbgrid\u00bb angled_section=\u00bbno\u00bb text_align=\u00bbcenter\u00bb background_image_as_pattern=\u00bbwithout_pattern\u00bb z_index=\u00bb\u00bb css=\u00bb.vc_custom_1652186229328{background-color: #639578 !important;}\u00bb][vc_column width=\u00bb1\/2&#8243;][vc_single_image image=\u00bb1746&#8243; img_size=\u00bb530&#215;490&#8243; qode_css_animation=\u00bb\u00bb qode_hover_animation=\u00bbbottom_title\u00bb][vc_empty_space height=\u00bb10&#8243;][\/vc_column][vc_column width=\u00bb1\/2&#8243;][vc_single_image image=\u00bb1728&#8243; img_size=\u00bb530&#215;240&#8243; qode_css_animation=\u00bb\u00bb qode_hover_animation=\u00bbbottom_title\u00bb][vc_empty_space height=\u00bb10&#8243;][vc_single_image image=\u00bb1758&#8243; img_size=\u00bb530&#215;240&#8243; qode_css_animation=\u00bb\u00bb qode_hover_animation=\u00bbbottom_title\u00bb][vc_empty_space height=\u00bb10&#8243;][\/vc_column][\/vc_row][vc_row css_animation=\u00bbelement_from_bottom\u00bb row_type=\u00bbrow\u00bb use_row_as_full_screen_section=\u00bbno\u00bb type=\u00bbgrid\u00bb angled_section=\u00bbno\u00bb text_align=\u00bbcenter\u00bb background_image_as_pattern=\u00bbwithout_pattern\u00bb z_index=\u00bb\u00bb css=\u00bb.vc_custom_1652186238733{background-color: #639578 !important;}\u00bb][vc_column][vc_empty_space height=\u00bb32&#8243;][\/vc_column][\/vc_row][vc_row css_animation=\u00bbelement_from_bottom\u00bb row_type=\u00bbrow\u00bb use_row_as_full_screen_section=\u00bbno\u00bb type=\u00bbgrid\u00bb angled_section=\u00bbno\u00bb text_align=\u00bbcenter\u00bb background_image_as_pattern=\u00bbwithout_pattern\u00bb z_index=\u00bb\u00bb css=\u00bb.vc_custom_1652186247047{background-color: #639578 !important;}\u00bb][vc_column width=\u00bb1\/2&#8243;][vc_single_image image=\u00bb1712&#8243; img_size=\u00bb530&#215;290&#8243; qode_css_animation=\u00bb\u00bb qode_hover_animation=\u00bbbottom_title\u00bb][vc_empty_space height=\u00bb10&#8243;][vc_single_image image=\u00bb1766&#8243; img_size=\u00bb530&#215;290&#8243; qode_css_animation=\u00bb\u00bb qode_hover_animation=\u00bbbottom_title\u00bb][vc_empty_space height=\u00bb10&#8243;][\/vc_column][vc_column width=\u00bb1\/2&#8243;][vc_single_image image=\u00bb1714&#8243; img_size=\u00bb530&#215;290&#8243; qode_css_animation=\u00bb\u00bb qode_hover_animation=\u00bbbottom_title\u00bb][vc_empty_space height=\u00bb10&#8243;][vc_single_image image=\u00bb1762&#8243; img_size=\u00bb530&#215;290&#8243; qode_css_animation=\u00bb\u00bb qode_hover_animation=\u00bbbottom_title\u00bb][vc_empty_space height=\u00bb10&#8243;][\/vc_column][\/vc_row][vc_row css_animation=\u00bbelement_from_bottom\u00bb row_type=\u00bbrow\u00bb use_row_as_full_screen_section=\u00bbno\u00bb type=\u00bbgrid\u00bb angled_section=\u00bbno\u00bb text_align=\u00bbcenter\u00bb background_image_as_pattern=\u00bbwithout_pattern\u00bb z_index=\u00bb\u00bb css=\u00bb.vc_custom_1652186255102{background-color: #639578 !important;}\u00bb][vc_column][vc_empty_space height=\u00bb32&#8243;][\/vc_column][\/vc_row][vc_row css_animation=\u00bbelement_from_bottom\u00bb row_type=\u00bbrow\u00bb use_row_as_full_screen_section=\u00bbno\u00bb type=\u00bbgrid\u00bb angled_section=\u00bbno\u00bb text_align=\u00bbcenter\u00bb background_image_as_pattern=\u00bbwithout_pattern\u00bb z_index=\u00bb\u00bb css=\u00bb.vc_custom_1652186262673{background-color: #639578 !important;}\u00bb][vc_column width=\u00bb1\/2&#8243;][vc_single_image image=\u00bb1776&#8243; img_size=\u00bb530&#215;240&#8243; qode_css_animation=\u00bb\u00bb qode_hover_animation=\u00bbbottom_title\u00bb][vc_empty_space height=\u00bb10&#8243;][vc_single_image image=\u00bb1718&#8243; img_size=\u00bb530&#215;240&#8243; qode_css_animation=\u00bb\u00bb qode_hover_animation=\u00bbbottom_title\u00bb][vc_empty_space height=\u00bb10&#8243;][\/vc_column][vc_column width=\u00bb1\/2&#8243;][vc_single_image image=\u00bb1742&#8243; img_size=\u00bb530&#215;490&#8243; qode_css_animation=\u00bb\u00bb qode_hover_animation=\u00bbbottom_title\u00bb][vc_empty_space height=\u00bb10&#8243;][\/vc_column][\/vc_row][vc_row css_animation=\u00bbelement_from_bottom\u00bb row_type=\u00bbrow\u00bb use_row_as_full_screen_section=\u00bbno\u00bb type=\u00bbgrid\u00bb angled_section=\u00bbno\u00bb text_align=\u00bbcenter\u00bb background_image_as_pattern=\u00bbwithout_pattern\u00bb z_index=\u00bb\u00bb css=\u00bb.vc_custom_1652186271077{background-color: #639578 !important;}\u00bb][vc_column][vc_empty_space height=\u00bb32&#8243;][\/vc_column][\/vc_row][vc_row css_animation=\u00bbelement_from_bottom\u00bb row_type=\u00bbrow\u00bb use_row_as_full_screen_section=\u00bbno\u00bb type=\u00bbgrid\u00bb angled_section=\u00bbno\u00bb text_align=\u00bbcenter\u00bb background_image_as_pattern=\u00bbwithout_pattern\u00bb z_index=\u00bb\u00bb css=\u00bb.vc_custom_1652186278356{background-color: #639578 !important;}\u00bb][vc_column width=\u00bb1\/2&#8243;][vc_single_image image=\u00bb1690&#8243; img_size=\u00bb530&#215;490&#8243; qode_css_animation=\u00bb\u00bb qode_hover_animation=\u00bbbottom_title\u00bb][vc_empty_space height=\u00bb10&#8243;][\/vc_column][vc_column width=\u00bb1\/2&#8243;][vc_single_image image=\u00bb1768&#8243; img_size=\u00bb530&#215;240&#8243; qode_css_animation=\u00bb\u00bb qode_hover_animation=\u00bbbottom_title\u00bb][vc_empty_space height=\u00bb10&#8243;][vc_single_image image=\u00bb1750&#8243; img_size=\u00bb530&#215;240&#8243; qode_css_animation=\u00bb\u00bb qode_hover_animation=\u00bbbottom_title\u00bb][\/vc_column][\/vc_row][vc_row css_animation=\u00bbelement_from_bottom\u00bb row_type=\u00bbrow\u00bb use_row_as_full_screen_section=\u00bbno\u00bb type=\u00bbgrid\u00bb angled_section=\u00bbno\u00bb text_align=\u00bbcenter\u00bb background_image_as_pattern=\u00bbwithout_pattern\u00bb z_index=\u00bb\u00bb css=\u00bb.vc_custom_1652186288323{background-color: #639578 !important;}\u00bb][vc_column][vc_empty_space height=\u00bb32&#8243;][\/vc_column][\/vc_row][vc_row css_animation=\u00bb\u00bb row_type=\u00bbrow\u00bb use_row_as_full_screen_section=\u00bbno\u00bb type=\u00bbfull_width\u00bb angled_section=\u00bbno\u00bb text_align=\u00bbleft\u00bb background_image_as_pattern=\u00bbwithout_pattern\u00bb z_index=\u00bb\u00bb background_image=\u00bb1776&#8243;][vc_column][vc_empty_space height=\u00bb200px\u00bb][vc_column_text]<\/p>\n<div style=\"text-align: center;\">\n<h2 style=\"background: #ffffffe8; display: inline-block; padding: 0px 10px;\"><span style=\"color: #639578;\">SERVICIOS QUE OFRECEMOS<\/span><\/h2>\n<p><a class=\"qbutton medium center enlarge\" style=\"color: #ffffff; border-color: #639578; background-color: #639578; padding-left: 23px; padding-right: 23px; margin-top: 20px;\" href=\"https:\/\/residencialaromanica.com\/servicios\/\" target=\"_self\" rel=\"noopener\" data-hover-background-color=\"#639578\" data-hover-border-color=\"#639578\" data-hover-color=\"#FFFFFF\">M\u00c1S INFORMACI\u00d3N \u00bb<\/a><\/div>\n<p>[\/vc_column_text][vc_empty_space height=\u00bb200px\u00bb][\/vc_column][\/vc_row]<\/p>\n<\/div>","protected":false},"excerpt":{"rendered":"<p>[vc_row css_animation=\u00bbelement_from_bottom\u00bb row_type=\u00bbrow\u00bb use_row_as_full_screen_section=\u00bbno\u00bb type=\u00bbgrid\u00bb angled_section=\u00bbno\u00bb text_align=\u00bbcenter\u00bb background_image_as_pattern=\u00bbwithout_pattern\u00bb z_index=\u00bb\u00bb css=\u00bb.vc_custom_1652178158488{background-color: #639578 !important;}\u00bb][vc_column][vc_empty_space height=\u00bb60px\u00bb][vc_column_text] Instalaciones [\/vc_column_text][vc_separator type=\u00bbsmall\u00bb position=\u00bbcenter\u00bb color=\u00bb#ffffff\u00bb thickness=\u00bb1,5&#8243; width=\u00bb20&#8243;][\/vc_column][\/vc_row][vc_row css_animation=\u00bb\u00bb row_type=\u00bbrow\u00bb use_row_as_full_screen_section=\u00bbno\u00bb type=\u00bbgrid\u00bb angled_section=\u00bbno\u00bb text_align=\u00bbleft\u00bb background_image_as_pattern=\u00bbwithout_pattern\u00bb z_index=\u00bb\u00bb][vc_column][vc_empty_space height=\u00bb60px\u00bb][vc_column_text]Nuestros espacios, tanto privados como los de convivencia, est\u00e1n pensados y dise\u00f1ados para poder disfrutar, tanto de&#8230;<\/p>\n","protected":false},"author":2,"featured_media":0,"parent":0,"menu_order":0,"comment_status":"closed","ping_status":"closed","template":"full_width.php","meta":{"footnotes":""},"yst_prominent_words":[],"class_list":["post-423","page","type-page","status-publish","hentry"],"_links":{"self":[{"href":"https:\/\/residencialaromanica.com\/es\/wp-json\/wp\/v2\/pages\/423","targetHints":{"allow":["GET"]}}],"collection":[{"href":"https:\/\/residencialaromanica.com\/es\/wp-json\/wp\/v2\/pages"}],"about":[{"href":"https:\/\/residencialaromanica.com\/es\/wp-json\/wp\/v2\/types\/page"}],"author":[{"embeddable":true,"href":"https:\/\/residencialaromanica.com\/es\/wp-json\/wp\/v2\/users\/2"}],"replies":[{"embeddable":true,"href":"https:\/\/residencialaromanica.com\/es\/wp-json\/wp\/v2\/comments?post=423"}],"version-history":[{"count":68,"href":"https:\/\/residencialaromanica.com\/es\/wp-json\/wp\/v2\/pages\/423\/revisions"}],"predecessor-version":[{"id":1859,"href":"https:\/\/residencialaromanica.com\/es\/wp-json\/wp\/v2\/pages\/423\/revisions\/1859"}],"wp:attachment":[{"href":"https:\/\/residencialaromanica.com\/es\/wp-json\/wp\/v2\/media?parent=423"}],"wp:term":[{"taxonomy":"yst_prominent_words","embeddable":true,"href":"https:\/\/residencialaromanica.com\/es\/wp-json\/wp\/v2\/yst_prominent_words?post=423"}],"curies":[{"name":"wp","href":"https:\/\/api.w.org\/{rel}","templated":true}]}}