{"id":291,"date":"2021-05-03T14:56:26","date_gmt":"2021-05-03T14:56:26","guid":{"rendered":"https:\/\/residencialaromanica.com\/?page_id=291"},"modified":"2022-05-25T12:46:32","modified_gmt":"2022-05-25T12:46:32","slug":"quienes-somos","status":"publish","type":"page","link":"https:\/\/residencialaromanica.com\/es\/quienes-somos\/","title":{"rendered":"Qui\u00e9nes somos"},"content":{"rendered":"<div class=\"wpb-content-wrapper\"><p>[vc_row css_animation=\u00bbelement_from_bottom\u00bb row_type=\u00bbrow\u00bb use_row_as_full_screen_section=\u00bbno\u00bb type=\u00bbfull_width\u00bb angled_section=\u00bbno\u00bb text_align=\u00bbleft\u00bb background_image_as_pattern=\u00bbwithout_pattern\u00bb z_index=\u00bb\u00bb css=\u00bb.vc_custom_1652178493363{background-color: #639578 !important;}\u00bb][vc_column][vc_empty_space height=\u00bb60px\u00bb][vc_column_text]<\/p>\n<h1 style=\"text-align: center;\"><span style=\"color: #ffffff;\"><strong>Qui\u00e9nes somos<\/strong><\/span><\/h1>\n<p>[\/vc_column_text][vc_separator type=\u00bbsmall\u00bb position=\u00bbcenter\u00bb color=\u00bb#ffffff\u00bb thickness=\u00bb1,5&#8243; width=\u00bb20&#8243;][\/vc_column][\/vc_row][vc_row css_animation=\u00bb\u00bb row_type=\u00bbrow\u00bb use_row_as_full_screen_section=\u00bbno\u00bb type=\u00bbfull_width\u00bb angled_section=\u00bbno\u00bb text_align=\u00bbleft\u00bb background_image_as_pattern=\u00bbwithout_pattern\u00bb z_index=\u00bb\u00bb][vc_column][vc_empty_space height=\u00bb60px\u00bb][vc_column_text css=\u00bb.vc_custom_1653482788904{margin-right: 80px !important;margin-left: 80px !important;}\u00bb]<strong>En la Resid\u00e8ncia y Centre de Dia La Rom\u00e0nica estar\u00e1s en una residencia gestionada por una gran familia<\/strong>, lo cual es sin\u00f3nimo de cercan\u00eda, inmediatez a la hora de solventar los problemas y esmero a la hora de cuidar a nuestros usuarios. Adem\u00e1s, invertimos de manera continua en nuestro capital humano, seleccionado a las mejores auxiliares y realizando anualmente formaci\u00f3n continua.<\/p>\n<p>&nbsp;<\/p>\n<p><strong>El equipo t\u00e9cnico y humano, de nuestro Centro, es la clave de nuestro \u00e9xito<\/strong>. Desde el primer d\u00eda hemos puesto un especial esmero y cuidado, en su selecci\u00f3n, conservaci\u00f3n y control, ya que unas buenas instalaciones no tienen sentido si no estuviesen acompa\u00f1adas por el mejor de los equipos humanos. Por esta raz\u00f3n, la ACP (Atenci\u00f3n Centrada en la Persona) empieza con la mejor de las selecciones de personal, para poder ofrecer a cada residente aquello que necesita y le haga feliz. <strong>De ah\u00ed nuestra m\u00e1xima: \u00abEn la Resid\u00e8ncia La Rom\u00e1nica, estamos mejor que en casa.\u00bb<\/strong><\/p>\n<p>&nbsp;<\/p>\n<p><strong>Nuestro objetivo es<\/strong>, mediante un programa individualizado de ACP realizado por un equipo multidisciplinar, de la manera m\u00e1s familiar y personalizada posible, <strong>conseguir que nuestros mayores tengan<\/strong>, en todo momento y durante las 24 horas del d\u00eda, <strong>la atenci\u00f3n de calidad que se merecen<\/strong>, tanto en los aspectos de salud como en los sociales, afectivos o psicol\u00f3gicos.[\/vc_column_text][vc_empty_space height=\u00bb60px\u00bb][\/vc_column][\/vc_row][vc_row css_animation=\u00bb\u00bb row_type=\u00bbrow\u00bb use_row_as_full_screen_section=\u00bbno\u00bb type=\u00bbfull_width\u00bb angled_section=\u00bbno\u00bb text_align=\u00bbleft\u00bb background_image_as_pattern=\u00bbwithout_pattern\u00bb][vc_column][qode_elements_holder background_color=\u00bb#639578&#8243; number_of_columns=\u00bbthree_columns\u00bb][qode_elements_holder_item advanced_animations=\u00bbno\u00bb background_color=\u00bb#639578&#8243; item_padding=\u00bb40px 40px 40px 40px\u00bb][vc_column_text]<\/p>\n<div class=\"wpb_text_column wpb_content_element vc_custom_1620747173353\">\n<div class=\"wpb_wrapper\">\n<h5 style=\"text-align: center;\">EQUIPO PROFESIONAL<\/h5>\n<\/div>\n<\/div>\n<div class=\"vc_empty_space\" style=\"text-align: center;\"><\/div>\n<p>[\/vc_column_text][vc_separator type=\u00bbsmall\u00bb position=\u00bbcenter\u00bb width_in_percentages=\u00bbyes\u00bb color=\u00bb#ffffff\u00bb thickness=\u00bb1,5&#8243; width=\u00bb20&#8243;][vc_column_text]<\/p>\n<div class=\"wpb_text_column wpb_content_element vc_custom_1620747173353\">\n<div class=\"wpb_wrapper\">\n<h4 style=\"text-align: center;\"><span style=\"font-size: 16px;\"><strong>Nuestro equipo <\/strong><strong>est\u00e1 formado por estos profesionales:<\/strong><\/span><\/h4>\n<\/div>\n<\/div>\n<div class=\"vc_empty_space\" style=\"text-align: center;\"><\/div>\n<p>[\/vc_column_text][\/qode_elements_holder_item][qode_elements_holder_item advanced_animations=\u00bbno\u00bb background_color=\u00bb#333333&#8243; item_padding=\u00bb40px 40px 40px 40px\u00bb][vc_column_text]<\/p>\n<h4 class=\"has-text-align-left\" style=\"text-align: center;\"><strong>DIRECTORA<\/strong><\/h4>\n<p>&nbsp;<\/p>\n<h4 class=\"has-text-align-left\" style=\"text-align: center;\"><strong>\u00a0M\u00c9DICO<\/strong><\/h4>\n<p>&nbsp;<\/p>\n<h4 class=\"has-text-align-left\" style=\"text-align: center;\"><strong>\u00a0ENFERMERA<\/strong><\/h4>\n<p>&nbsp;<\/p>\n<h4 class=\"has-text-align-left\" style=\"text-align: center;\"><strong>TERAPEUTA OCUPACIONAL<\/strong><\/h4>\n<p>&nbsp;<\/p>\n<h4 class=\"has-text-align-left\" style=\"text-align: center;\"><strong>FISIOTERAPEUTA<\/strong><\/h4>\n<p>&nbsp;<\/p>\n<h4 class=\"has-text-align-left\" style=\"text-align: center;\"><strong>TRABAJADORA SOCIAL<\/strong><\/h4>\n<p>[\/vc_column_text][\/qode_elements_holder_item][qode_elements_holder_item advanced_animations=\u00bbno\u00bb background_color=\u00bb#639578&#8243; item_padding=\u00bb40px 40px 40px 40px\u00bb][vc_column_text]<\/p>\n<h4 class=\"has-text-align-left\" style=\"text-align: center;\"><strong>PSIC\u00d3LOGA<\/strong><\/h4>\n<p>&nbsp;<\/p>\n<h4 class=\"has-text-align-left\" style=\"text-align: center;\"><strong>EDUCADORA SOCIAL<\/strong><\/h4>\n<p>&nbsp;<\/p>\n<h4 class=\"has-text-align-left\" style=\"text-align: center;\"><strong>PERSONAL AUXILIAR SOCIOSANITARIO<\/strong><\/h4>\n<p>&nbsp;<\/p>\n<h4><\/h4>\n<h4 class=\"has-text-align-left\" style=\"text-align: center;\"><strong>AUXILIAR DE MANTENIMIENTO<\/strong><\/h4>\n<p>&nbsp;<\/p>\n<h4 class=\"has-text-align-left\" style=\"text-align: center;\"><strong>PERSONAL DE LIMPIEZA<\/strong><\/h4>\n<p>&nbsp;<\/p>\n<h4 class=\"has-text-align-left\" style=\"text-align: center;\"><strong>PERSONAL DE COCINA<\/strong><\/h4>\n<p>[\/vc_column_text][\/qode_elements_holder_item][\/qode_elements_holder][\/vc_column][\/vc_row][vc_row css_animation=\u00bb\u00bb row_type=\u00bbrow\u00bb use_row_as_full_screen_section=\u00bbno\u00bb type=\u00bbfull_width\u00bb angled_section=\u00bbno\u00bb text_align=\u00bbleft\u00bb background_image_as_pattern=\u00bbwithout_pattern\u00bb z_index=\u00bb\u00bb background_image=\u00bb1758&#8243;][vc_column][vc_empty_space height=\u00bb200px\u00bb][vc_column_text]<\/p>\n<div style=\"text-align: center;\">\n<h2 style=\"background: #ffffffe8; display: inline-block; padding: 0px 10px;\"><span style=\"color: #639578;\">NUESTRAS INSTALACIONES<\/span><\/h2>\n<p><a class=\"qbutton medium center enlarge\" style=\"color: #ffffff; border-color: #639578; background-color: #639578; padding-left: 23px; padding-right: 23px; margin-top: 20px;\" href=\"https:\/\/residencialaromanica.com\/instalaciones\/\" target=\"_self\" rel=\"noopener\" data-hover-background-color=\"#639578\" data-hover-border-color=\"#639578\" data-hover-color=\"#FFFFFF\">M\u00c1S INFORMACI\u00d3N \u00bb<\/a><\/p>\n<\/div>\n<p>[\/vc_column_text][vc_empty_space height=\u00bb200px\u00bb][\/vc_column][\/vc_row]<\/p>\n<\/div>","protected":false},"excerpt":{"rendered":"<p>[vc_row css_animation=\u00bbelement_from_bottom\u00bb row_type=\u00bbrow\u00bb use_row_as_full_screen_section=\u00bbno\u00bb type=\u00bbfull_width\u00bb angled_section=\u00bbno\u00bb text_align=\u00bbleft\u00bb background_image_as_pattern=\u00bbwithout_pattern\u00bb z_index=\u00bb\u00bb css=\u00bb.vc_custom_1652178493363{background-color: #639578 !important;}\u00bb][vc_column][vc_empty_space height=\u00bb60px\u00bb][vc_column_text] Qui\u00e9nes somos [\/vc_column_text][vc_separator type=\u00bbsmall\u00bb position=\u00bbcenter\u00bb color=\u00bb#ffffff\u00bb thickness=\u00bb1,5&#8243; width=\u00bb20&#8243;][\/vc_column][\/vc_row][vc_row css_animation=\u00bb\u00bb row_type=\u00bbrow\u00bb use_row_as_full_screen_section=\u00bbno\u00bb type=\u00bbfull_width\u00bb angled_section=\u00bbno\u00bb text_align=\u00bbleft\u00bb background_image_as_pattern=\u00bbwithout_pattern\u00bb z_index=\u00bb\u00bb][vc_column][vc_empty_space height=\u00bb60px\u00bb][vc_column_text css=\u00bb.vc_custom_1653482788904{margin-right: 80px !important;margin-left: 80px !important;}\u00bb]En la Resid\u00e8ncia y Centre de Dia La Rom\u00e0nica estar\u00e1s en&#8230;<\/p>\n","protected":false},"author":2,"featured_media":0,"parent":0,"menu_order":0,"comment_status":"closed","ping_status":"closed","template":"full_width.php","meta":{"footnotes":""},"yst_prominent_words":[],"class_list":["post-291","page","type-page","status-publish","hentry"],"_links":{"self":[{"href":"https:\/\/residencialaromanica.com\/es\/wp-json\/wp\/v2\/pages\/291","targetHints":{"allow":["GET"]}}],"collection":[{"href":"https:\/\/residencialaromanica.com\/es\/wp-json\/wp\/v2\/pages"}],"about":[{"href":"https:\/\/residencialaromanica.com\/es\/wp-json\/wp\/v2\/types\/page"}],"author":[{"embeddable":true,"href":"https:\/\/residencialaromanica.com\/es\/wp-json\/wp\/v2\/users\/2"}],"replies":[{"embeddable":true,"href":"https:\/\/residencialaromanica.com\/es\/wp-json\/wp\/v2\/comments?post=291"}],"version-history":[{"count":105,"href":"https:\/\/residencialaromanica.com\/es\/wp-json\/wp\/v2\/pages\/291\/revisions"}],"predecessor-version":[{"id":1863,"href":"https:\/\/residencialaromanica.com\/es\/wp-json\/wp\/v2\/pages\/291\/revisions\/1863"}],"wp:attachment":[{"href":"https:\/\/residencialaromanica.com\/es\/wp-json\/wp\/v2\/media?parent=291"}],"wp:term":[{"taxonomy":"yst_prominent_words","embeddable":true,"href":"https:\/\/residencialaromanica.com\/es\/wp-json\/wp\/v2\/yst_prominent_words?post=291"}],"curies":[{"name":"wp","href":"https:\/\/api.w.org\/{rel}","templated":true}]}}