{"id":1609,"date":"2022-02-14T16:38:58","date_gmt":"2022-02-14T16:38:58","guid":{"rendered":"https:\/\/residencialaromanica.com\/?page_id=1609"},"modified":"2022-05-17T09:41:39","modified_gmt":"2022-05-17T09:41:39","slug":"cocina","status":"publish","type":"page","link":"https:\/\/residencialaromanica.com\/es\/cocina\/","title":{"rendered":"La Cocina"},"content":{"rendered":"<div class=\"wpb-content-wrapper\"><p>[vc_row css_animation=\u00bbelement_from_bottom\u00bb row_type=\u00bbrow\u00bb use_row_as_full_screen_section=\u00bbno\u00bb type=\u00bbfull_width\u00bb angled_section=\u00bbno\u00bb text_align=\u00bbleft\u00bb background_image_as_pattern=\u00bbwithout_pattern\u00bb css=\u00bb.vc_custom_1652178644731{background-color: #639578 !important;}\u00bb z_index=\u00bb\u00bb][vc_column][vc_empty_space height=\u00bb60&#8243;][vc_column_text]<\/p>\n<h1 style=\"text-align: center;\"><span style=\"color: #ffffff;\"><strong>La cocina<\/strong><\/span><\/h1>\n<p>[\/vc_column_text][vc_separator type=\u00bbsmall\u00bb position=\u00bbcenter\u00bb color=\u00bb#ffffff\u00bb thickness=\u00bb1,5&#8243; width=\u00bb20&#8243;][\/vc_column][\/vc_row][vc_row css_animation=\u00bb\u00bb row_type=\u00bbrow\u00bb use_row_as_full_screen_section=\u00bbno\u00bb type=\u00bbfull_width\u00bb angled_section=\u00bbno\u00bb text_align=\u00bbleft\u00bb background_image_as_pattern=\u00bbwithout_pattern\u00bb z_index=\u00bb\u00bb][vc_column][vc_empty_space height=\u00bb60px\u00bb][\/vc_column][\/vc_row][vc_row css_animation=\u00bb\u00bb row_type=\u00bbrow\u00bb use_row_as_full_screen_section=\u00bbno\u00bb type=\u00bbfull_width\u00bb angled_section=\u00bbno\u00bb text_align=\u00bbleft\u00bb background_image_as_pattern=\u00bbwithout_pattern\u00bb z_index=\u00bb\u00bb][vc_column width=\u00bb1\/2&#8243;][vc_column_text css=\u00bb.vc_custom_1652780363752{margin-left: 50px !important;}\u00bb]<\/p>\n<p style=\"text-align: left;\"><strong>En la Resid\u00e8ncia y Centro de D\u00eda La Rom\u00e0nica, somos conscientes de que la salud y el bienestar de nuestros mayores es el pilar fundamental en el cual se basa nuestra atenci\u00f3n<\/strong>. Por esta raz\u00f3n, no s\u00f3lo procuramos que nuestros usuarios tengan de una dieta mediterr\u00e1nea y personalizada, cuidada por los mejores nutricionistas, sino que <strong>el sabor de las cosas debe ser algo irrenunciable.<\/strong><\/p>\n<p style=\"text-align: left;\">S\u00ed, debemos procurar una dieta saludable y adecuada, pero no debemos olvidarnos de los platos preferidos de cada uno, de los platos t\u00edpicos de cada regi\u00f3n de nuestros usuarios o de escucharles a la hora de sugerir cambios o mejoras en el seno de nuestra cocina.<\/p>\n<p>[\/vc_column_text][vc_empty_space height=\u00bb10px\u00bb][\/vc_column][vc_column width=\u00bb1\/2&#8243;][vc_single_image image=\u00bb1742&#8243; img_size=\u00bb530X290&#8243; alignment=\u00bbcenter\u00bb qode_css_animation=\u00bb\u00bb qode_hover_animation=\u00bbbottom_title\u00bb][vc_empty_space height=\u00bb32&#8243;][\/vc_column][\/vc_row][vc_row css_animation=\u00bb\u00bb row_type=\u00bbrow\u00bb use_row_as_full_screen_section=\u00bbno\u00bb type=\u00bbfull_width\u00bb angled_section=\u00bbno\u00bb text_align=\u00bbleft\u00bb background_image_as_pattern=\u00bbwithout_pattern\u00bb z_index=\u00bb\u00bb][vc_column][vc_empty_space][\/vc_column][\/vc_row][vc_row css_animation=\u00bb\u00bb row_type=\u00bbrow\u00bb use_row_as_full_screen_section=\u00bbno\u00bb type=\u00bbfull_width\u00bb angled_section=\u00bbno\u00bb text_align=\u00bbleft\u00bb background_image_as_pattern=\u00bbwithout_pattern\u00bb css=\u00bb.vc_custom_1652188557737{background-color: #639578 !important;}\u00bb z_index=\u00bb\u00bb][vc_column][vc_empty_space height=\u00bb60px\u00bb][\/vc_column][\/vc_row][vc_row css_animation=\u00bb\u00bb row_type=\u00bbrow\u00bb use_row_as_full_screen_section=\u00bbno\u00bb type=\u00bbgrid\u00bb angled_section=\u00bbno\u00bb text_align=\u00bbleft\u00bb background_image_as_pattern=\u00bbwithout_pattern\u00bb css=\u00bb.vc_custom_1652188568220{background-color: #639578 !important;}\u00bb z_index=\u00bb\u00bb][vc_column width=\u00bb1\/2&#8243;][vc_single_image image=\u00bb1744&#8243; img_size=\u00bb530X240&#8243; qode_css_animation=\u00bb\u00bb qode_hover_animation=\u00bbbottom_title\u00bb][vc_empty_space height=\u00bb10px\u00bb][\/vc_column][vc_column width=\u00bb1\/2&#8243;][vc_column_text]<span style=\"color: #ffffff;\">El \u00abcomer\u00bb es uno de los pocos placeres que se mantienen cuando somos mayores, por lo cual, en la Resid\u00e8ncia y Centro de D\u00eda La Rom\u00e0nica prestamos una especial atenci\u00f3n a todas las necesidades y preferencias de nuestros abuelos, en lo que a comer se refiere.<\/span><\/p>\n<p>&nbsp;<\/p>\n<p><span style=\"color: #ffffff;\"><strong>Sin duda, una alimentaci\u00f3n saludable es necesaria, pero lo es tambi\u00e9n el hecho de que sea buena, sabrosa y cocinada con mucho cari\u00f1o<\/strong><\/span>[\/vc_column_text][vc_empty_space height=\u00bb32&#8243;][\/vc_column][\/vc_row][vc_row css_animation=\u00bb\u00bb row_type=\u00bbrow\u00bb use_row_as_full_screen_section=\u00bbno\u00bb type=\u00bbfull_width\u00bb angled_section=\u00bbno\u00bb text_align=\u00bbleft\u00bb background_image_as_pattern=\u00bbwithout_pattern\u00bb css=\u00bb.vc_custom_1652188557737{background-color: #639578 !important;}\u00bb z_index=\u00bb\u00bb][vc_column][vc_empty_space height=\u00bb60px\u00bb][\/vc_column][\/vc_row][vc_row css_animation=\u00bb\u00bb row_type=\u00bbrow\u00bb use_row_as_full_screen_section=\u00bbno\u00bb type=\u00bbfull_width\u00bb angled_section=\u00bbno\u00bb text_align=\u00bbleft\u00bb background_image_as_pattern=\u00bbwithout_pattern\u00bb z_index=\u00bb\u00bb background_image=\u00bb1714&#8243;][vc_column][vc_empty_space height=\u00bb250px\u00bb][vc_column_text]<\/p>\n<div style=\"text-align: center;\">\n<h2 style=\"background: #ffffffe8; display: inline-block; padding: 0px 10px;\"><span style=\"color: #639578;\">SI LO DESEAS CONT\u00c1CTANOS<\/span><\/h2>\n<p><a class=\"qbutton medium center enlarge\" style=\"color: #ffffff; border-color: #639578; background-color: #639578; padding-left: 23px; padding-right: 23px; margin-top: 20px;\" href=\"https:\/\/residencialaromanica.com\/contacto\/\" target=\"_self\" rel=\"noopener\" data-hover-background-color=\"#639578\" data-hover-border-color=\"#639578\" data-hover-color=\"#FFFFFF\">M\u00c1S INFORMACI\u00d3N \u00bb<\/a><\/p>\n<\/div>\n<p>[\/vc_column_text][vc_empty_space height=\u00bb250&#8243;][\/vc_column][\/vc_row]<\/p>\n<\/div>","protected":false},"excerpt":{"rendered":"<p>[vc_row css_animation=\u00bbelement_from_bottom\u00bb row_type=\u00bbrow\u00bb use_row_as_full_screen_section=\u00bbno\u00bb type=\u00bbfull_width\u00bb angled_section=\u00bbno\u00bb text_align=\u00bbleft\u00bb background_image_as_pattern=\u00bbwithout_pattern\u00bb css=\u00bb.vc_custom_1652178644731{background-color: #639578 !important;}\u00bb z_index=\u00bb\u00bb][vc_column][vc_empty_space height=\u00bb60&#8243;][vc_column_text] La cocina [\/vc_column_text][vc_separator type=\u00bbsmall\u00bb position=\u00bbcenter\u00bb color=\u00bb#ffffff\u00bb thickness=\u00bb1,5&#8243; width=\u00bb20&#8243;][\/vc_column][\/vc_row][vc_row css_animation=\u00bb\u00bb row_type=\u00bbrow\u00bb use_row_as_full_screen_section=\u00bbno\u00bb type=\u00bbfull_width\u00bb angled_section=\u00bbno\u00bb text_align=\u00bbleft\u00bb background_image_as_pattern=\u00bbwithout_pattern\u00bb z_index=\u00bb\u00bb][vc_column][vc_empty_space height=\u00bb60px\u00bb][\/vc_column][\/vc_row][vc_row css_animation=\u00bb\u00bb row_type=\u00bbrow\u00bb use_row_as_full_screen_section=\u00bbno\u00bb type=\u00bbfull_width\u00bb angled_section=\u00bbno\u00bb text_align=\u00bbleft\u00bb background_image_as_pattern=\u00bbwithout_pattern\u00bb z_index=\u00bb\u00bb][vc_column width=\u00bb1\/2&#8243;][vc_column_text css=\u00bb.vc_custom_1652780363752{margin-left: 50px !important;}\u00bb] En la Resid\u00e8ncia&#8230;<\/p>\n","protected":false},"author":2,"featured_media":0,"parent":0,"menu_order":0,"comment_status":"closed","ping_status":"closed","template":"full_width.php","meta":{"footnotes":""},"yst_prominent_words":[],"class_list":["post-1609","page","type-page","status-publish","hentry"],"_links":{"self":[{"href":"https:\/\/residencialaromanica.com\/es\/wp-json\/wp\/v2\/pages\/1609","targetHints":{"allow":["GET"]}}],"collection":[{"href":"https:\/\/residencialaromanica.com\/es\/wp-json\/wp\/v2\/pages"}],"about":[{"href":"https:\/\/residencialaromanica.com\/es\/wp-json\/wp\/v2\/types\/page"}],"author":[{"embeddable":true,"href":"https:\/\/residencialaromanica.com\/es\/wp-json\/wp\/v2\/users\/2"}],"replies":[{"embeddable":true,"href":"https:\/\/residencialaromanica.com\/es\/wp-json\/wp\/v2\/comments?post=1609"}],"version-history":[{"count":19,"href":"https:\/\/residencialaromanica.com\/es\/wp-json\/wp\/v2\/pages\/1609\/revisions"}],"predecessor-version":[{"id":1793,"href":"https:\/\/residencialaromanica.com\/es\/wp-json\/wp\/v2\/pages\/1609\/revisions\/1793"}],"wp:attachment":[{"href":"https:\/\/residencialaromanica.com\/es\/wp-json\/wp\/v2\/media?parent=1609"}],"wp:term":[{"taxonomy":"yst_prominent_words","embeddable":true,"href":"https:\/\/residencialaromanica.com\/es\/wp-json\/wp\/v2\/yst_prominent_words?post=1609"}],"curies":[{"name":"wp","href":"https:\/\/api.w.org\/{rel}","templated":true}]}}